{"id":4411,"date":"2016-12-30T17:15:37","date_gmt":"2016-12-30T14:15:37","guid":{"rendered":"http:\/\/www.yagizturizm.com\/?page_id=4411"},"modified":"2016-12-30T17:15:37","modified_gmt":"2016-12-30T14:15:37","slug":"ucak-bileti","status":"publish","type":"page","link":"https:\/\/www.yagizturizm.com\/index.php\/ucak-bileti\/","title":{"rendered":"U\u00e7ak Bileti"},"content":{"rendered":"<h3 style=\"text-align: center;\"><strong><span style=\"color: #ff0000;\">T\u00dcM HAVA YOLLARI\u00a0<\/span><\/strong><\/h3>\n<h3 style=\"text-align: center;\"><strong><span style=\"color: #ff0000;\">U\u00c7AK B\u0130LETLER\u0130 YA\u011eIZ TUR\u0130ZMDEN ALINIR.<\/span><\/strong><\/h3>\n<p style=\"text-align: center;\"><strong>OF\u0130S : 0232 489 01 01<br \/>\nGSM : 0532 492 88 68<\/strong><\/p>\n<p><img loading=\"lazy\" decoding=\"async\" class=\"size-full wp-image-4412 aligncenter\" src=\"http:\/\/www.yagizturizm.com\/wp-content\/uploads\/2016\/12\/ucak_bileti_enuygun_bilet_ucuz_ucak_bileti_ara_bul.jpg\" alt=\"yagizturizmucakbileti\" width=\"951\" height=\"321\" srcset=\"https:\/\/www.yagizturizm.com\/wp-content\/uploads\/2016\/12\/ucak_bileti_enuygun_bilet_ucuz_ucak_bileti_ara_bul.jpg 951w, https:\/\/www.yagizturizm.com\/wp-content\/uploads\/2016\/12\/ucak_bileti_enuygun_bilet_ucuz_ucak_bileti_ara_bul-300x101.jpg 300w, https:\/\/www.yagizturizm.com\/wp-content\/uploads\/2016\/12\/ucak_bileti_enuygun_bilet_ucuz_ucak_bileti_ara_bul-768x259.jpg 768w, https:\/\/www.yagizturizm.com\/wp-content\/uploads\/2016\/12\/ucak_bileti_enuygun_bilet_ucuz_ucak_bileti_ara_bul-280x95.jpg 280w\" sizes=\"(max-width: 951px) 100vw, 951px\" \/><\/p>\n","protected":false},"excerpt":{"rendered":"<p>T\u00dcM HAVA YOLLARI\u00a0 U\u00c7AK B\u0130LETLER\u0130 YA\u011eIZ TUR\u0130ZMDEN ALINIR. OF\u0130S : 0232 489 01 01 GSM : 0532 492 88 68<\/p>\n","protected":false},"author":2,"featured_media":0,"parent":0,"menu_order":0,"comment_status":"closed","ping_status":"closed","template":"","meta":{"footnotes":""},"_links":{"self":[{"href":"https:\/\/www.yagizturizm.com\/index.php\/wp-json\/wp\/v2\/pages\/4411"}],"collection":[{"href":"https:\/\/www.yagizturizm.com\/index.php\/wp-json\/wp\/v2\/pages"}],"about":[{"href":"https:\/\/www.yagizturizm.com\/index.php\/wp-json\/wp\/v2\/types\/page"}],"author":[{"embeddable":true,"href":"https:\/\/www.yagizturizm.com\/index.php\/wp-json\/wp\/v2\/users\/2"}],"replies":[{"embeddable":true,"href":"https:\/\/www.yagizturizm.com\/index.php\/wp-json\/wp\/v2\/comments?post=4411"}],"version-history":[{"count":1,"href":"https:\/\/www.yagizturizm.com\/index.php\/wp-json\/wp\/v2\/pages\/4411\/revisions"}],"predecessor-version":[{"id":4413,"href":"https:\/\/www.yagizturizm.com\/index.php\/wp-json\/wp\/v2\/pages\/4411\/revisions\/4413"}],"wp:attachment":[{"href":"https:\/\/www.yagizturizm.com\/index.php\/wp-json\/wp\/v2\/media?parent=4411"}],"curies":[{"name":"wp","href":"https:\/\/api.w.org\/{rel}","templated":true}]}}