{"id":4328,"date":"2016-12-10T23:11:59","date_gmt":"2016-12-10T20:11:59","guid":{"rendered":"http:\/\/www.yagizturizm.com\/?page_id=4328"},"modified":"2016-12-31T19:09:53","modified_gmt":"2016-12-31T16:09:53","slug":"adnan-menderes-havalimani-canli-ucus-takibi","status":"publish","type":"page","link":"https:\/\/www.yagizturizm.com\/index.php\/adnan-menderes-havalimani-canli-ucus-takibi\/","title":{"rendered":"ADNAN MENDERES HAVAL\u0130MANI CANLI U\u00c7U\u015e TAK\u0130B\u0130"},"content":{"rendered":"<p><iframe loading=\"lazy\" src=\"http:\/\/www.flightradar24.com\/38.37,26.85\/9\" width=\"1000\" height=\"600\" data-reactid=\".0.$SITE_ROOT.$desktop_siteRoot.$PAGES_CONTAINER.1.1.$SITE_PAGES.$uj58k_DESKTOP.1.$comp-ikh90al4.0.0\"><\/iframe><\/p>\n","protected":false},"excerpt":{"rendered":"","protected":false},"author":2,"featured_media":0,"parent":0,"menu_order":0,"comment_status":"closed","ping_status":"closed","template":"","meta":{"footnotes":""},"_links":{"self":[{"href":"https:\/\/www.yagizturizm.com\/index.php\/wp-json\/wp\/v2\/pages\/4328"}],"collection":[{"href":"https:\/\/www.yagizturizm.com\/index.php\/wp-json\/wp\/v2\/pages"}],"about":[{"href":"https:\/\/www.yagizturizm.com\/index.php\/wp-json\/wp\/v2\/types\/page"}],"author":[{"embeddable":true,"href":"https:\/\/www.yagizturizm.com\/index.php\/wp-json\/wp\/v2\/users\/2"}],"replies":[{"embeddable":true,"href":"https:\/\/www.yagizturizm.com\/index.php\/wp-json\/wp\/v2\/comments?post=4328"}],"version-history":[{"count":2,"href":"https:\/\/www.yagizturizm.com\/index.php\/wp-json\/wp\/v2\/pages\/4328\/revisions"}],"predecessor-version":[{"id":4330,"href":"https:\/\/www.yagizturizm.com\/index.php\/wp-json\/wp\/v2\/pages\/4328\/revisions\/4330"}],"wp:attachment":[{"href":"https:\/\/www.yagizturizm.com\/index.php\/wp-json\/wp\/v2\/media?parent=4328"}],"curies":[{"name":"wp","href":"https:\/\/api.w.org\/{rel}","templated":true}]}}